{"id":1012,"date":"2018-12-11T19:20:23","date_gmt":"2018-12-11T18:20:23","guid":{"rendered":"https:\/\/alemkorkut.com\/wp\/?page_id=1012"},"modified":"2023-07-30T19:07:21","modified_gmt":"2023-07-30T17:07:21","slug":"kronologija","status":"publish","type":"page","link":"https:\/\/alemkorkut.com\/en\/chronology\/kronologija\/","title":{"rendered":"Solo shows"},"content":{"rendered":"\n<h3 class=\"wp-block-heading\" id=\"mce_0\">\/2023.<\/h3>\n\n\n\n<p><strong>Zagreb<\/strong><br>Institute of Contemporary Art, \u201c1.40\u201d<br><strong>Rab<\/strong><br>Gallery Rab, \u201cThe Invitation\u201d<\/p>\n\n\n\n<h3 class=\"wp-block-heading\" id=\"mce_0\">\/2022.<\/h3>\n\n\n\n<p><strong><strong>Munich\u00a0(D)<\/strong><\/strong><br>Munich art gallery (with M. Mihajlovi\u0107)<\/p>\n\n\n\n<h3 class=\"wp-block-heading\" id=\"mce_0\">\/2020.<\/h3>\n\n\n\n<p><strong>Savi\u010denta, \u0160ikuti<\/strong><br>\u201cOne and Another\u201d<\/p>\n\n\n\n<h3 class=\"wp-block-heading\" id=\"mce_0\">\/2019.<\/h3>\n\n\n\n<p><strong>Munich\u00a0(D)<\/strong><br>Gallery Art Signe, \u201cPhenomena\u201d<br><strong>Lausanne (CH)<\/strong><br>Gallery Univers , \u201cContr\u00e9tement\u201d<br><strong>Zagreb<\/strong><br>Greta, Video works<\/p>\n\n\n<style>.wp-block-kadence-advancedheading.kt-adv-heading_1355d9-43, .wp-block-kadence-advancedheading.kt-adv-heading_1355d9-43[data-kb-block=\"kb-adv-heading_1355d9-43\"]{font-style:normal;}.wp-block-kadence-advancedheading.kt-adv-heading_1355d9-43 mark.kt-highlight, .wp-block-kadence-advancedheading.kt-adv-heading_1355d9-43[data-kb-block=\"kb-adv-heading_1355d9-43\"] mark.kt-highlight{font-style:normal;color:#f76a0c;-webkit-box-decoration-break:clone;box-decoration-break:clone;padding-top:0px;padding-right:0px;padding-bottom:0px;padding-left:0px;}<\/style>\n<h3 class=\"kt-adv-heading_1355d9-43 wp-block-kadence-advancedheading\" data-kb-block=\"kb-adv-heading_1355d9-43\">\/2018.<\/h3>\n\n\n\n<p><strong>Zagreb<\/strong><br>Lauba, \u201eCorpus\u201c<br><strong>Pula<\/strong><br>MSUI, \u201eCorpus\u201c<br><strong>Matulji<\/strong><br>Galerijica, &#8220;Corpus&#8221;<\/p>\n\n\n<style>.wp-block-kadence-advancedheading.kt-adv-heading_b7b017-a9, .wp-block-kadence-advancedheading.kt-adv-heading_b7b017-a9[data-kb-block=\"kb-adv-heading_b7b017-a9\"]{font-style:normal;}.wp-block-kadence-advancedheading.kt-adv-heading_b7b017-a9 mark.kt-highlight, .wp-block-kadence-advancedheading.kt-adv-heading_b7b017-a9[data-kb-block=\"kb-adv-heading_b7b017-a9\"] mark.kt-highlight{font-style:normal;color:#f76a0c;-webkit-box-decoration-break:clone;box-decoration-break:clone;padding-top:0px;padding-right:0px;padding-bottom:0px;padding-left:0px;}<\/style>\n<h3 class=\"kt-adv-heading_b7b017-a9 wp-block-kadence-advancedheading\" data-kb-block=\"kb-adv-heading_b7b017-a9\">\/2017.<\/h3>\n\n\n\n<p><strong>Kostanjevica na Krki (SLO)<br><\/strong>Gallery B.Jakac, \u201eCorpus\u201c<\/p>\n\n\n<style>.wp-block-kadence-advancedheading.kt-adv-heading_f83b5d-f3, .wp-block-kadence-advancedheading.kt-adv-heading_f83b5d-f3[data-kb-block=\"kb-adv-heading_f83b5d-f3\"]{font-style:normal;}.wp-block-kadence-advancedheading.kt-adv-heading_f83b5d-f3 mark.kt-highlight, .wp-block-kadence-advancedheading.kt-adv-heading_f83b5d-f3[data-kb-block=\"kb-adv-heading_f83b5d-f3\"] mark.kt-highlight{font-style:normal;color:#f76a0c;-webkit-box-decoration-break:clone;box-decoration-break:clone;padding-top:0px;padding-right:0px;padding-bottom:0px;padding-left:0px;}<\/style>\n<h3 class=\"kt-adv-heading_f83b5d-f3 wp-block-kadence-advancedheading\" data-kb-block=\"kb-adv-heading_f83b5d-f3\">\/2016<\/h3>\n\n\n\n<p><strong>Vara\u017edin<\/strong><br>Gallery Zlati ajngel \u201cPareidolia\/City Lines<\/p>\n\n\n<style>.wp-block-kadence-advancedheading.kt-adv-heading_9877fe-2b, .wp-block-kadence-advancedheading.kt-adv-heading_9877fe-2b[data-kb-block=\"kb-adv-heading_9877fe-2b\"]{font-style:normal;}.wp-block-kadence-advancedheading.kt-adv-heading_9877fe-2b mark.kt-highlight, .wp-block-kadence-advancedheading.kt-adv-heading_9877fe-2b[data-kb-block=\"kb-adv-heading_9877fe-2b\"] mark.kt-highlight{font-style:normal;color:#f76a0c;-webkit-box-decoration-break:clone;box-decoration-break:clone;padding-top:0px;padding-right:0px;padding-bottom:0px;padding-left:0px;}<\/style>\n<h3 class=\"kt-adv-heading_9877fe-2b wp-block-kadence-advancedheading\" data-kb-block=\"kb-adv-heading_9877fe-2b\">\/2015. <\/h3>\n\n\n\n<p><strong>Zagreb<\/strong><br> <br>Gallery Kranj\u010dar, Mental bond (with I. Ko\u017eari\u0107)<br><strong>Dubrovnik<\/strong><br>Gallery  Flora, \u201cPareidolia\u201c<\/p>\n\n\n<style>.wp-block-kadence-advancedheading.kt-adv-heading_c52d58-0a, .wp-block-kadence-advancedheading.kt-adv-heading_c52d58-0a[data-kb-block=\"kb-adv-heading_c52d58-0a\"]{font-style:normal;}.wp-block-kadence-advancedheading.kt-adv-heading_c52d58-0a mark.kt-highlight, .wp-block-kadence-advancedheading.kt-adv-heading_c52d58-0a[data-kb-block=\"kb-adv-heading_c52d58-0a\"] mark.kt-highlight{font-style:normal;color:#f76a0c;-webkit-box-decoration-break:clone;box-decoration-break:clone;padding-top:0px;padding-right:0px;padding-bottom:0px;padding-left:0px;}<\/style>\n<h3 class=\"kt-adv-heading_c52d58-0a wp-block-kadence-advancedheading\" data-kb-block=\"kb-adv-heading_c52d58-0a\">\/2014.<\/h3>\n\n\n\n<p><strong>Zagreb<\/strong><br>\u201eAbout the Line\u201c, Lauba<\/p>\n\n\n<style>.wp-block-kadence-advancedheading.kt-adv-heading_ac79c0-38, .wp-block-kadence-advancedheading.kt-adv-heading_ac79c0-38[data-kb-block=\"kb-adv-heading_ac79c0-38\"]{font-style:normal;}.wp-block-kadence-advancedheading.kt-adv-heading_ac79c0-38 mark.kt-highlight, .wp-block-kadence-advancedheading.kt-adv-heading_ac79c0-38[data-kb-block=\"kb-adv-heading_ac79c0-38\"] mark.kt-highlight{font-style:normal;color:#f76a0c;-webkit-box-decoration-break:clone;box-decoration-break:clone;padding-top:0px;padding-right:0px;padding-bottom:0px;padding-left:0px;}<\/style>\n<h3 class=\"kt-adv-heading_ac79c0-38 wp-block-kadence-advancedheading\" data-kb-block=\"kb-adv-heading_ac79c0-38\">\/2013.\u00a0<\/h3>\n\n\n\n<p><strong>Split<\/strong><br>\u201eAbout the Line\u201c, &nbsp;Art Gallery<br><strong>Rijeka<\/strong><br>Kortil Gallery, &#8220;Unexpected&#8221; (with N. Bilic, and I Ruf)<\/p>\n\n\n<style>.wp-block-kadence-advancedheading.kt-adv-heading_524607-e2, .wp-block-kadence-advancedheading.kt-adv-heading_524607-e2[data-kb-block=\"kb-adv-heading_524607-e2\"]{font-style:normal;}.wp-block-kadence-advancedheading.kt-adv-heading_524607-e2 mark.kt-highlight, .wp-block-kadence-advancedheading.kt-adv-heading_524607-e2[data-kb-block=\"kb-adv-heading_524607-e2\"] mark.kt-highlight{font-style:normal;color:#f76a0c;-webkit-box-decoration-break:clone;box-decoration-break:clone;padding-top:0px;padding-right:0px;padding-bottom:0px;padding-left:0px;}<\/style>\n<h3 class=\"kt-adv-heading_524607-e2 wp-block-kadence-advancedheading\" data-kb-block=\"kb-adv-heading_524607-e2\">\/2012.<\/h3>\n\n\n\n<p><strong>Zagreb<\/strong><br>\u201e2012\u201c, Greta<br><strong>Dubrovnik<\/strong><br> \u201e2012\u201c, Lazareti <br> <strong>Osijek<\/strong><br>\u201eWeakness, Strength\u201c, Waldinger Gallery<br><strong>Bihac<\/strong><br>City Gallery<br><strong>Sarajevo <\/strong><br>Collegium Artisticum<\/p>\n\n\n<style>.wp-block-kadence-advancedheading.kt-adv-heading_b283d8-81, .wp-block-kadence-advancedheading.kt-adv-heading_b283d8-81[data-kb-block=\"kb-adv-heading_b283d8-81\"]{font-style:normal;}.wp-block-kadence-advancedheading.kt-adv-heading_b283d8-81 mark.kt-highlight, .wp-block-kadence-advancedheading.kt-adv-heading_b283d8-81[data-kb-block=\"kb-adv-heading_b283d8-81\"] mark.kt-highlight{font-style:normal;color:#f76a0c;-webkit-box-decoration-break:clone;box-decoration-break:clone;padding-top:0px;padding-right:0px;padding-bottom:0px;padding-left:0px;}<\/style>\n<h3 class=\"kt-adv-heading_b283d8-81 wp-block-kadence-advancedheading\" data-kb-block=\"kb-adv-heading_b283d8-81\">\/2011<\/h3>\n\n\n\n<p><strong>Zagreb<\/strong><br>\u201eWeakness, Strength\u201c, Glyptotheque,<\/p>\n\n\n<style>.wp-block-kadence-advancedheading.kt-adv-heading_902264-bf, .wp-block-kadence-advancedheading.kt-adv-heading_902264-bf[data-kb-block=\"kb-adv-heading_902264-bf\"]{font-style:normal;}.wp-block-kadence-advancedheading.kt-adv-heading_902264-bf mark.kt-highlight, .wp-block-kadence-advancedheading.kt-adv-heading_902264-bf[data-kb-block=\"kb-adv-heading_902264-bf\"] mark.kt-highlight{font-style:normal;color:#f76a0c;-webkit-box-decoration-break:clone;box-decoration-break:clone;padding-top:0px;padding-right:0px;padding-bottom:0px;padding-left:0px;}<\/style>\n<h3 class=\"kt-adv-heading_902264-bf wp-block-kadence-advancedheading\" data-kb-block=\"kb-adv-heading_902264-bf\">\/2010.<\/h3>\n\n\n\n<p><strong>Pula<\/strong> <br>\u201eWeakness, Strength\u201c, MMC Luka Gallery Annex<\/p>\n\n\n<style>.wp-block-kadence-advancedheading.kt-adv-heading_eb6412-bf, .wp-block-kadence-advancedheading.kt-adv-heading_eb6412-bf[data-kb-block=\"kb-adv-heading_eb6412-bf\"]{font-style:normal;}.wp-block-kadence-advancedheading.kt-adv-heading_eb6412-bf mark.kt-highlight, .wp-block-kadence-advancedheading.kt-adv-heading_eb6412-bf[data-kb-block=\"kb-adv-heading_eb6412-bf\"] mark.kt-highlight{font-style:normal;color:#f76a0c;-webkit-box-decoration-break:clone;box-decoration-break:clone;padding-top:0px;padding-right:0px;padding-bottom:0px;padding-left:0px;}<\/style>\n<h3 class=\"kt-adv-heading_eb6412-bf wp-block-kadence-advancedheading\" data-kb-block=\"kb-adv-heading_eb6412-bf\">\/2009.<\/h3>\n\n\n\n<p><strong>Zagreb<\/strong><br>Four Rivers, AZ Gallery<\/p>\n\n\n<style>.wp-block-kadence-advancedheading.kt-adv-heading_52b4d4-e7, .wp-block-kadence-advancedheading.kt-adv-heading_52b4d4-e7[data-kb-block=\"kb-adv-heading_52b4d4-e7\"]{font-style:normal;}.wp-block-kadence-advancedheading.kt-adv-heading_52b4d4-e7 mark.kt-highlight, .wp-block-kadence-advancedheading.kt-adv-heading_52b4d4-e7[data-kb-block=\"kb-adv-heading_52b4d4-e7\"] mark.kt-highlight{font-style:normal;color:#f76a0c;-webkit-box-decoration-break:clone;box-decoration-break:clone;padding-top:0px;padding-right:0px;padding-bottom:0px;padding-left:0px;}<\/style>\n<h3 class=\"kt-adv-heading_52b4d4-e7 wp-block-kadence-advancedheading\" data-kb-block=\"kb-adv-heading_52b4d4-e7\">\/2008.<\/h3>\n\n\n\n<p><strong>Zagreb<\/strong><br>\u201eLittle Things\u201c, AZ Gallery<br><strong>Koprivnica<\/strong><br>Drawings and objects, gallery S<\/p>\n\n\n<style>.wp-block-kadence-advancedheading.kt-adv-heading_b69980-90, .wp-block-kadence-advancedheading.kt-adv-heading_b69980-90[data-kb-block=\"kb-adv-heading_b69980-90\"]{font-style:normal;}.wp-block-kadence-advancedheading.kt-adv-heading_b69980-90 mark.kt-highlight, .wp-block-kadence-advancedheading.kt-adv-heading_b69980-90[data-kb-block=\"kb-adv-heading_b69980-90\"] mark.kt-highlight{font-style:normal;color:#f76a0c;-webkit-box-decoration-break:clone;box-decoration-break:clone;padding-top:0px;padding-right:0px;padding-bottom:0px;padding-left:0px;}<\/style>\n<h3 class=\"kt-adv-heading_b69980-90 wp-block-kadence-advancedheading\" data-kb-block=\"kb-adv-heading_b69980-90\">\/2007.<\/h3>\n\n\n\n<p><strong>Rab<\/strong><br>Works 2003. to 2007., Gallery Rector&#8217;s Palace<br><strong>Rijeka<\/strong><br>\u201eWater\u201c, Kortil Gallery<\/p>\n\n\n<style>.wp-block-kadence-advancedheading.kt-adv-heading_4e0283-92, .wp-block-kadence-advancedheading.kt-adv-heading_4e0283-92[data-kb-block=\"kb-adv-heading_4e0283-92\"]{font-style:normal;}.wp-block-kadence-advancedheading.kt-adv-heading_4e0283-92 mark.kt-highlight, .wp-block-kadence-advancedheading.kt-adv-heading_4e0283-92[data-kb-block=\"kb-adv-heading_4e0283-92\"] mark.kt-highlight{font-style:normal;color:#f76a0c;-webkit-box-decoration-break:clone;box-decoration-break:clone;padding-top:0px;padding-right:0px;padding-bottom:0px;padding-left:0px;}<\/style>\n<h3 class=\"kt-adv-heading_4e0283-92 wp-block-kadence-advancedheading\" data-kb-block=\"kb-adv-heading_4e0283-92\">\/2006.<\/h3>\n\n\n\n<p> <strong>Labin <\/strong><br>\u201eSea, Sea, Sea &#8230;, Alvona Gallery<br><strong>Komi\u017ea, Vis <br><\/strong>\u201eWater\u201c, 12R37<br><strong>Karlovac <\/strong><br>\u201eThe tide\u201c, Zilik Gallery<\/p>\n\n\n<style>.wp-block-kadence-advancedheading.kt-adv-heading_36beaa-53, .wp-block-kadence-advancedheading.kt-adv-heading_36beaa-53[data-kb-block=\"kb-adv-heading_36beaa-53\"]{font-style:normal;}.wp-block-kadence-advancedheading.kt-adv-heading_36beaa-53 mark.kt-highlight, .wp-block-kadence-advancedheading.kt-adv-heading_36beaa-53[data-kb-block=\"kb-adv-heading_36beaa-53\"] mark.kt-highlight{font-style:normal;color:#f76a0c;-webkit-box-decoration-break:clone;box-decoration-break:clone;padding-top:0px;padding-right:0px;padding-bottom:0px;padding-left:0px;}<\/style>\n<h3 class=\"kt-adv-heading_36beaa-53 wp-block-kadence-advancedheading\" data-kb-block=\"kb-adv-heading_36beaa-53\">\/2005. <\/h3>\n\n\n\n<p><strong>Slavonski Brod<br><\/strong>\u201eRain\u201c, Gallery Balen<br><strong>Berlin<\/strong><br>ego-trip: selection, Kolonie Wedding, GAD Gallery<br><strong>Zagreb<\/strong><br>Reliefs, Gallery Zone<br><strong>Split<\/strong><br>\u201eSea\u201c, Art Gallery, <\/p>\n\n\n<style>.wp-block-kadence-advancedheading.kt-adv-heading_805ac1-51, .wp-block-kadence-advancedheading.kt-adv-heading_805ac1-51[data-kb-block=\"kb-adv-heading_805ac1-51\"]{font-style:normal;}.wp-block-kadence-advancedheading.kt-adv-heading_805ac1-51 mark.kt-highlight, .wp-block-kadence-advancedheading.kt-adv-heading_805ac1-51[data-kb-block=\"kb-adv-heading_805ac1-51\"] mark.kt-highlight{font-style:normal;color:#f76a0c;-webkit-box-decoration-break:clone;box-decoration-break:clone;padding-top:0px;padding-right:0px;padding-bottom:0px;padding-left:0px;}<\/style>\n<h3 class=\"kt-adv-heading_805ac1-51 wp-block-kadence-advancedheading\" data-kb-block=\"kb-adv-heading_805ac1-51\">\/2004.<\/h3>\n\n\n\n<p><strong>Koprivnica<\/strong><br>ego-trip: WARDROBE, MMC Kuglana2<br><strong>Osijek <\/strong><br>ego-trip: Retrospective, Kazamat Gallery<\/p>\n\n\n<style>.wp-block-kadence-advancedheading.kt-adv-heading_46d96b-b3, .wp-block-kadence-advancedheading.kt-adv-heading_46d96b-b3[data-kb-block=\"kb-adv-heading_46d96b-b3\"]{font-style:normal;}.wp-block-kadence-advancedheading.kt-adv-heading_46d96b-b3 mark.kt-highlight, .wp-block-kadence-advancedheading.kt-adv-heading_46d96b-b3[data-kb-block=\"kb-adv-heading_46d96b-b3\"] mark.kt-highlight{font-style:normal;color:#f76a0c;-webkit-box-decoration-break:clone;box-decoration-break:clone;padding-top:0px;padding-right:0px;padding-bottom:0px;padding-left:0px;}<\/style>\n<h3 class=\"kt-adv-heading_46d96b-b3 wp-block-kadence-advancedheading\" data-kb-block=\"kb-adv-heading_46d96b-b3\">\/2003.<\/h3>\n\n\n\n<p><strong>Zagreb<br><\/strong>ego-trip: CIRCLE, PM Gallery, HDLU<\/p>\n\n\n<style>.wp-block-kadence-advancedheading.kt-adv-heading_8c61a0-c4, .wp-block-kadence-advancedheading.kt-adv-heading_8c61a0-c4[data-kb-block=\"kb-adv-heading_8c61a0-c4\"]{font-style:normal;}.wp-block-kadence-advancedheading.kt-adv-heading_8c61a0-c4 mark.kt-highlight, .wp-block-kadence-advancedheading.kt-adv-heading_8c61a0-c4[data-kb-block=\"kb-adv-heading_8c61a0-c4\"] mark.kt-highlight{font-style:normal;color:#f76a0c;-webkit-box-decoration-break:clone;box-decoration-break:clone;padding-top:0px;padding-right:0px;padding-bottom:0px;padding-left:0px;}<\/style>\n<h3 class=\"kt-adv-heading_8c61a0-c4 wp-block-kadence-advancedheading\" data-kb-block=\"kb-adv-heading_8c61a0-c4\">\/2001.<\/h3>\n\n\n\n<p><strong>Klanjec<\/strong><br>Metafisis, Salon Gallery A. Augustin<\/p>\n\n\n\n<p><strong>2000.<\/strong><\/p>\n\n\n\n<p><strong>Zagreb<\/strong><br>Studio Gallery Karas<br><strong>Porec <\/strong><br>Gallery Mala of the Open University<br><strong>Sibenik <\/strong><br>Gallery St. Kr\u0161evan<\/p>\n\n\n<style>.wp-block-kadence-advancedheading.kt-adv-heading_64a2f2-92, .wp-block-kadence-advancedheading.kt-adv-heading_64a2f2-92[data-kb-block=\"kb-adv-heading_64a2f2-92\"]{font-style:normal;}.wp-block-kadence-advancedheading.kt-adv-heading_64a2f2-92 mark.kt-highlight, .wp-block-kadence-advancedheading.kt-adv-heading_64a2f2-92[data-kb-block=\"kb-adv-heading_64a2f2-92\"] mark.kt-highlight{font-style:normal;color:#f76a0c;-webkit-box-decoration-break:clone;box-decoration-break:clone;padding-top:0px;padding-right:0px;padding-bottom:0px;padding-left:0px;}<\/style>\n<h3 class=\"kt-adv-heading_64a2f2-92 wp-block-kadence-advancedheading\" data-kb-block=\"kb-adv-heading_64a2f2-92\">\/1999.<\/h3>\n\n\n\n<p><strong>Zagreb<\/strong><br>C Gallery (with I. Pegan and N. Bilic)<\/p>\n\n\n<style>.wp-block-kadence-advancedheading.kt-adv-heading_9cfafa-b9, .wp-block-kadence-advancedheading.kt-adv-heading_9cfafa-b9[data-kb-block=\"kb-adv-heading_9cfafa-b9\"]{font-style:normal;}.wp-block-kadence-advancedheading.kt-adv-heading_9cfafa-b9 mark.kt-highlight, .wp-block-kadence-advancedheading.kt-adv-heading_9cfafa-b9[data-kb-block=\"kb-adv-heading_9cfafa-b9\"] mark.kt-highlight{font-style:normal;color:#f76a0c;-webkit-box-decoration-break:clone;box-decoration-break:clone;padding-top:0px;padding-right:0px;padding-bottom:0px;padding-left:0px;}<\/style>\n<h3 class=\"kt-adv-heading_9cfafa-b9 wp-block-kadence-advancedheading\" data-kb-block=\"kb-adv-heading_9cfafa-b9\">\/1998.<\/h3>\n\n\n\n<p><strong>Zagreb<\/strong><br>\u201eFrom the life of plants\u201c, Nova Gallery<br><strong>Krapina<\/strong><br>Krapina City Gallery (with N. Bilic)<\/p>\n\n\n<style>.wp-block-kadence-advancedheading.kt-adv-heading_e58833-67, .wp-block-kadence-advancedheading.kt-adv-heading_e58833-67[data-kb-block=\"kb-adv-heading_e58833-67\"]{font-style:normal;}.wp-block-kadence-advancedheading.kt-adv-heading_e58833-67 mark.kt-highlight, .wp-block-kadence-advancedheading.kt-adv-heading_e58833-67[data-kb-block=\"kb-adv-heading_e58833-67\"] mark.kt-highlight{font-style:normal;color:#f76a0c;-webkit-box-decoration-break:clone;box-decoration-break:clone;padding-top:0px;padding-right:0px;padding-bottom:0px;padding-left:0px;}<\/style>\n<h3 class=\"kt-adv-heading_e58833-67 wp-block-kadence-advancedheading\" data-kb-block=\"kb-adv-heading_e58833-67\">\/1996<\/h3>\n\n\n\n<p><strong>Zagreb<\/strong><br>MGC-Lotr\u0161\u010dak Gallery<br>Miroslav Kraljevi\u0107 Gallery (with I. Franke and H. \u0110ukez)<\/p>\n","protected":false},"excerpt":{"rendered":"<p>\/2023. ZagrebInstitute of Contemporary Art, \u201c1.40\u201dRabGallery Rab, \u201cThe Invitation\u201d \/2022. Munich\u00a0(D)Munich art gallery (with M. Mihajlovi\u0107) \/2020. Savi\u010denta, \u0160ikuti\u201cOne and Another\u201d \/2019. Munich\u00a0(D)Gallery Art Signe, \u201cPhenomena\u201dLausanne (CH)Gallery Univers , \u201cContr\u00e9tement\u201dZagrebGreta, Video works \/2018. ZagrebLauba, \u201eCorpus\u201cPulaMSUI, \u201eCorpus\u201cMatuljiGalerijica, &#8220;Corpus&#8221; \/2017. Kostanjevica na Krki (SLO)Gallery B.Jakac, \u201eCorpus\u201c \/2016 Vara\u017edinGallery Zlati ajngel \u201cPareidolia\/City Lines \/2015. Zagreb Gallery Kranj\u010dar, Mental [&hellip;]<\/p>\n","protected":false},"author":1,"featured_media":0,"parent":989,"menu_order":3,"comment_status":"closed","ping_status":"closed","template":"","meta":{"_acf_changed":false,"footnotes":""},"class_list":["post-1012","page","type-page","status-publish","hentry","entry"],"acf":[],"_links":{"self":[{"href":"https:\/\/alemkorkut.com\/en\/wp-json\/wp\/v2\/pages\/1012","targetHints":{"allow":["GET"]}}],"collection":[{"href":"https:\/\/alemkorkut.com\/en\/wp-json\/wp\/v2\/pages"}],"about":[{"href":"https:\/\/alemkorkut.com\/en\/wp-json\/wp\/v2\/types\/page"}],"author":[{"embeddable":true,"href":"https:\/\/alemkorkut.com\/en\/wp-json\/wp\/v2\/users\/1"}],"replies":[{"embeddable":true,"href":"https:\/\/alemkorkut.com\/en\/wp-json\/wp\/v2\/comments?post=1012"}],"version-history":[{"count":11,"href":"https:\/\/alemkorkut.com\/en\/wp-json\/wp\/v2\/pages\/1012\/revisions"}],"predecessor-version":[{"id":1339,"href":"https:\/\/alemkorkut.com\/en\/wp-json\/wp\/v2\/pages\/1012\/revisions\/1339"}],"up":[{"embeddable":true,"href":"https:\/\/alemkorkut.com\/en\/wp-json\/wp\/v2\/pages\/989"}],"wp:attachment":[{"href":"https:\/\/alemkorkut.com\/en\/wp-json\/wp\/v2\/media?parent=1012"}],"curies":[{"name":"wp","href":"https:\/\/api.w.org\/{rel}","templated":true}]}}